{"id":37,"date":"2024-04-20T01:46:11","date_gmt":"2024-04-20T06:46:11","guid":{"rendered":"https:\/\/733.com.co\/home\/"},"modified":"2026-03-12T20:48:05","modified_gmt":"2026-03-13T01:48:05","slug":"home","status":"publish","type":"page","link":"https:\/\/733.com.co\/","title":{"rendered":"Home"},"content":{"rendered":"\n\n\n\n\n\n\n\n\n\n\n\n<h2>Nuestros servicios<\/h2>\n\n\n\n\n<p>Soporte t\u00e9cnico: Ofrecemos asistencia t\u00e9cnica tanto remota como in situ para resolver una amplia gama de problemas inform\u00e1ticos, desde errores de software hasta problemas de hardware. <\/p>\n\n\n<p><span>Realizamos revisiones peri\u00f3dicas de sistemas inform\u00e1ticos para identificar y solucionar posibles problemas antes de que causen interrupciones en el funcionamiento de los sistemas.<\/span><\/p>\n\n\n<p>Implementamos medidas de seguridad robustas para proteger los sistemas contra amenazas cibern\u00e9ticas, incluyendo antivirus, firewalls y sistemas de detecci\u00f3n de intrusiones.\n<\/p>\n\n\n\n\n<p>Utilizamos t\u00e9cnicas avanzadas para recuperar datos perdidos debido a fallas del sistema, errores humanos o ataques de malware. <\/p>\n\n\n<p>Mejoramos el rendimiento de los sistemas inform\u00e1ticos mediante la optimizaci\u00f3n de software, ajustes de configuraci\u00f3n y actualizaciones de hardware seg\u00fan sea necesario.<\/p>\n\n\n\n\n\n\n\n\n\n\n\n<h2>\u00bfQue hacemos?<br><\/h2>\n<p>Somos una empresa dedicada a la soluci\u00f3n de situaciones inform\u00e1ticas que presenten sus empresa u hogares.<\/p>\n<p>Asesoramos a empresas en la selecci\u00f3n e implementaci\u00f3n de tecnolog\u00edas adecuadas para sus necesidades espec\u00edficas, as\u00ed como en la planificaci\u00f3n estrat\u00e9gica de TI.<\/p>\n\n\n\n\n<h5>Tecnolog\u00eda sin L\u00edmites<\/h5>\n<h2>\u00bfListo para una experiencia inform\u00e1tica sin complicaciones?<\/h2>\n<p style=\"text-align: center\">&nbsp;<\/p>\n\n\n\n\n\n\n\n<h2>En esto somos buenos<\/h2>\n\n\n\n\n<p>Somos expertos en el sistema operativo Windows de Microsoft, ofreciendo soluciones personalizadas para optimizar la eficiencia y seguridad de tus dispositivos.<br>\nNuestro equipo domina todas las versiones de Windows, desde Windows 7 hasta Windows 11, para garantizar que tus necesidades inform\u00e1ticas est\u00e9n cubiertas<\/p>\n\n\n\n\n\n\nNos especializamos en el sistema operativo macOS de Apple, brindando soluciones personalizadas para optimizar tu experiencia inform\u00e1tica.\n\n\n\n\n\n\n<p>Nuestro equipo domina todas las versiones de Android, desde las m\u00e1s antiguas hasta las m\u00e1s recientes, para garantizar un soporte completo para tus necesidades m\u00f3viles.<br>\nDesde configuraciones avanzadas hasta resoluci\u00f3n de problemas, estamos aqu\u00ed para ofrecerte soporte t\u00e9cnico especializado en el sistema operativo Android.<\/p>\n\n\n\n\n\n\nNuestro equipo domina las herramientas y servicios de Google, desde Android hasta Google Workspace, para ofrecerte el mejor soporte t\u00e9cnico y soluciones a medida.\n\n\n\n\n\n\nGoogle Drive, el servicio de almacenamiento en la nube de Google, ofreciendo soluciones personalizadas para maximizar tu productividad y colaboraci\u00f3n.\n\n\n\n\n\n\nTrello, la plataforma de gesti\u00f3n de proyectos l\u00edder en el mercado. Ofrecemos asesoramiento personalizado para maximizar la productividad y eficiencia de tu equipo.\n\n\n\n\n\n\nSomos l\u00edderes en seguridad cibern\u00e9tica. Ofrecemos soluciones de protecci\u00f3n avanzada y asesoramiento personalizado para garantizar la seguridad de tus dispositivos y datos.\n\n\n\n\n\n\n<p>\u00bfSab\u00edas que HubSpot ofrece una versi\u00f3n gratuita de su plataforma? Estamos aqu\u00ed para brindarte asesoramiento sobre c\u00f3mo aprovechar al m\u00e1ximo esta poderosa herramienta sin costo alguno.<br>\nNuestro equipo est\u00e1 altamente capacitado en el uso de HubSpot y puede guiarte en la implementaci\u00f3n y optimizaci\u00f3n de la versi\u00f3n gratuita para satisfacer las necesidades de tu empresa.<\/p>\n\n\n\n\n\n\n\n\n","protected":false},"excerpt":{"rendered":"","protected":false},"author":0,"featured_media":0,"parent":0,"menu_order":0,"comment_status":"closed","ping_status":"closed","template":"","meta":{"pagelayer_contact_templates":[],"_pagelayer_content":"","footnotes":""},"class_list":["post-37","page","type-page","status-publish","hentry"],"_links":{"self":[{"href":"https:\/\/733.com.co\/index.php?rest_route=\/wp\/v2\/pages\/37","targetHints":{"allow":["GET"]}}],"collection":[{"href":"https:\/\/733.com.co\/index.php?rest_route=\/wp\/v2\/pages"}],"about":[{"href":"https:\/\/733.com.co\/index.php?rest_route=\/wp\/v2\/types\/page"}],"replies":[{"embeddable":true,"href":"https:\/\/733.com.co\/index.php?rest_route=%2Fwp%2Fv2%2Fcomments&post=37"}],"version-history":[{"count":174,"href":"https:\/\/733.com.co\/index.php?rest_route=\/wp\/v2\/pages\/37\/revisions"}],"predecessor-version":[{"id":631,"href":"https:\/\/733.com.co\/index.php?rest_route=\/wp\/v2\/pages\/37\/revisions\/631"}],"wp:attachment":[{"href":"https:\/\/733.com.co\/index.php?rest_route=%2Fwp%2Fv2%2Fmedia&parent=37"}],"curies":[{"name":"wp","href":"https:\/\/api.w.org\/{rel}","templated":true}]}}