{"id":457,"date":"2025-08-20T15:12:26","date_gmt":"2025-08-20T20:12:26","guid":{"rendered":"https:\/\/733.com.co\/?post_type=product&#038;p=457"},"modified":"2025-08-20T15:14:57","modified_gmt":"2025-08-20T20:14:57","slug":"combo-alambrico-km-170","status":"publish","type":"product","link":"https:\/\/733.com.co\/?product=combo-alambrico-km-170","title":{"rendered":"COMBO AL\u00c1MBRICO KM-170"},"content":{"rendered":"<ul>\n<li>Combo de teclado y rat\u00f3n con cable<\/li>\n<li>Tecla AI Copilot para activar el asistente Copilot (para Windows 11 o superior)<\/li>\n<li>Teclado de tama\u00f1o completo con teclas de medios<\/li>\n<li>Rat\u00f3n \u00f3ptico de tama\u00f1o completo de 1200 dpi<\/li>\n<li>Interfaz USB Plug and Play<\/li>\n<li>F\u00e1cil de usar y c\u00f3modo<\/li>\n<\/ul>\n","protected":false},"excerpt":{"rendered":"<div class=\"accordion-item\"><span style=\"color: #000000\"><span style=\"font-size: 13.3333px;background-color: #f0f0f0\">ESPECIFICACI\u00d3N<\/span><\/span><\/p>\n<div id=\"collapseTwo\" class=\"accordion-collapse collapse show\" aria-labelledby=\"headingTwo\" data-bs-parent=\"#accordionExample\">\n<div class=\"accordion-body editor-area spec-item\">\n<p>Interfaz<\/p>\n<ul>\n<li>USB<\/li>\n<\/ul>\n<p>Tipo de tecla<\/p>\n<ul>\n<li>C\u00f3ncavo<\/li>\n<\/ul>\n<p>Teclas de funci\u00f3n<\/p>\n<ul>\n<li>12 (8 audio, 4 Internet)<\/li>\n<\/ul>\n<p>Teclas multimedia<\/p>\n<ul>\n<li>No<\/li>\n<\/ul>\n<p>Motor de sensor de rat\u00f3n<\/p>\n<ul>\n<li>\u00d3ptico<\/li>\n<\/ul>\n<p>Resoluci\u00f3n del rat\u00f3n (DPI)<\/p>\n<ul>\n<li>1000<\/li>\n<\/ul>\n<p>Rat\u00f3n n\u00famero de botones<\/p>\n<ul>\n<li>3 (izquierda, derecha, bot\u00f3n central con desplazamiento)<\/li>\n<\/ul>\n<p>Longitud de cable (m)<\/p>\n<ul>\n<li>Teclado: 1.4 m \/ Rat\u00f3n: 1.5 m<\/li>\n<\/ul>\n<p>Otro<\/p>\n<ul>\n<li>&#8211;<\/li>\n<\/ul>\n<p>Peso (g)<\/p>\n<ul>\n<li>Teclado: Approx. 403.1 g<\/li>\n<li>Rat\u00f3n: Approx. 76.2 g<\/li>\n<\/ul>\n<p>Dimensiones (L x A x P) mm (pulgadas)<\/p>\n<ul>\n<li>Teclado: 441.7 x 137.2 x 26.9 mm ( 17.4 x 5.4 x 1.1 inches )<\/li>\n<li>Rat\u00f3n: 62 x 116 x 37.5 mm ( 2.4 x 4.6 x 1.5 inches )<\/li>\n<\/ul>\n<p>Requisitos del sistema<\/p>\n<ul>\n<li>Windows 7, 8, 8.1, 10 \/ Mac OS X 10.8 or later Linux OS<\/li>\n<\/ul>\n<p>Colores<\/p>\n<ul>\n<li>Negro<\/li>\n<\/ul>\n<p>*Las im\u00e1genes y colores de productos que se muestran en el paquete son \u00daNICAMENTE para referencia. Vea los art\u00edculos incluidos para determinar sus caracter\u00edsticas reales. Contenido de la caja<\/p>\n<p>What&#8217;s included<\/p>\n<ul>\n<li>KB-117 Teclado USB con cable<\/li>\n<li>KB-117 Rat\u00f3n USB con cable<\/li>\n<\/ul>\n<\/div>\n<\/div>\n<\/div>\n<div class=\"accordion-item\">\n<h2 id=\"headingThree\" class=\"accordion-header\"><\/h2>\n<\/div>\n","protected":false},"featured_media":458,"comment_status":"open","ping_status":"closed","template":"","meta":{"pagelayer_contact_templates":[],"_pagelayer_content":""},"product_brand":[],"product_cat":[29],"product_tag":[],"class_list":{"0":"post-457","1":"product","2":"type-product","3":"status-publish","4":"has-post-thumbnail","6":"product_cat-accesorios","8":"first","9":"instock","10":"purchasable","11":"product-type-simple"},"_links":{"self":[{"href":"https:\/\/733.com.co\/index.php?rest_route=\/wp\/v2\/product\/457","targetHints":{"allow":["GET"]}}],"collection":[{"href":"https:\/\/733.com.co\/index.php?rest_route=\/wp\/v2\/product"}],"about":[{"href":"https:\/\/733.com.co\/index.php?rest_route=\/wp\/v2\/types\/product"}],"replies":[{"embeddable":true,"href":"https:\/\/733.com.co\/index.php?rest_route=%2Fwp%2Fv2%2Fcomments&post=457"}],"wp:featuredmedia":[{"embeddable":true,"href":"https:\/\/733.com.co\/index.php?rest_route=\/wp\/v2\/media\/458"}],"wp:attachment":[{"href":"https:\/\/733.com.co\/index.php?rest_route=%2Fwp%2Fv2%2Fmedia&parent=457"}],"wp:term":[{"taxonomy":"product_brand","embeddable":true,"href":"https:\/\/733.com.co\/index.php?rest_route=%2Fwp%2Fv2%2Fproduct_brand&post=457"},{"taxonomy":"product_cat","embeddable":true,"href":"https:\/\/733.com.co\/index.php?rest_route=%2Fwp%2Fv2%2Fproduct_cat&post=457"},{"taxonomy":"product_tag","embeddable":true,"href":"https:\/\/733.com.co\/index.php?rest_route=%2Fwp%2Fv2%2Fproduct_tag&post=457"}],"curies":[{"name":"wp","href":"https:\/\/api.w.org\/{rel}","templated":true}]}}