{"id":471,"date":"2025-08-20T16:05:50","date_gmt":"2025-08-20T21:05:50","guid":{"rendered":"https:\/\/733.com.co\/?post_type=product&#038;p=471"},"modified":"2025-08-21T13:35:03","modified_gmt":"2025-08-21T18:35:03","slug":"unidad-flash-usb-datatraveler-exodia-64gb","status":"publish","type":"product","link":"https:\/\/733.com.co\/?product=unidad-flash-usb-datatraveler-exodia-64gb","title":{"rendered":"Unidad Flash USB DataTraveler Exodia 64GB"},"content":{"rendered":"<table class=\" alignleft\">\n<tbody>\n<tr>\n<td style=\"text-align: left\">Capacidades<sup class=\"u-txt-footnote\" data-original=\"{{Footnote.N47164}}\">1<\/sup><\/td>\n<td>64 GB<\/td>\n<\/tr>\n<tr>\n<td>Est\u00e1ndar\/velocidad<sup class=\"u-txt-footnote\" data-original=\"{{Footnote.N37154}}\">2<\/sup><\/td>\n<td>Compatible con USB 3.2 Gen 1<\/td>\n<\/tr>\n<tr>\n<td>Dimensiones<\/td>\n<td>67,3 mm x 21,04 mm x 10,14 mm<\/td>\n<\/tr>\n<tr>\n<td>Peso<\/td>\n<td>11g<\/td>\n<\/tr>\n<tr>\n<td>Temperatura de servicio<\/td>\n<td>0\u00b0C~60\u00b0C<\/td>\n<\/tr>\n<tr>\n<td>Temperatura de almacenamiento<\/td>\n<td>-20\u00b0C~85\u00b0C<\/td>\n<\/tr>\n<tr>\n<td>Garant\u00eda<\/td>\n<td>5 a\u00f1os de garant\u00eda y asistencia t\u00e9cnica gratuita<\/td>\n<\/tr>\n<tr>\n<td>Compatible con<\/td>\n<td>Windows<sup class=\"u-txt-registered\">\u00ae<\/sup>\u00a011\/10, macOS (v. 12.7.6 +), Linux (v. 4.4.x +), Chrome OS<sup class=\"u-txt-trademark\">\u2122<\/sup><\/td>\n<\/tr>\n<\/tbody>\n<\/table>\n<p>&nbsp;<\/p>\n","protected":false},"excerpt":{"rendered":"<div class=\"l-row l-row__col s-productDetails__summary u-bold-link-container\" data-click-location=\"product page ecommerce\" data-track-record-name=\"Headline | DataTraveler | Exodia | DTX\" data-track-record-id=\"58961\" data-track-section-name=\"headline\">DataTraveler<sup class=\"u-txt-registered\">\u00ae<\/sup>\u00a0Exodia<sup class=\"u-txt-trademark\">\u2122<\/sup>\u00a0de Kingston<sup class=\"u-txt-registered\">\u00ae<\/sup>\u00a0es una soluci\u00f3n de almacenamiento compatible con USB 3.2 Gen 1 para port\u00e1tiles, equipos de sobremesa, monitores y otros dispositivos digitales. DT Exodia permite r\u00e1pidas transferencias y facilita el almacenamiento de documentos, m\u00fasica, v\u00eddeo y mucho m\u00e1s. Por su pr\u00e1ctico dise\u00f1o y modernos colores, son ideales para el uso diario en el trabajo, el hogar, los estudios o dondequiera que lleve sus datos. DT Exodia est\u00e1 disponible en capacidades de hasta 256 GB<sup class=\"u-txt-footnote\" data-original=\"{{Footnote.N47164}}\">1<\/sup>, est\u00e1 respaldada por una garant\u00eda de cinco a\u00f1os e incluye asistencia t\u00e9cnica gratuito y la legendaria fiabilidad de Kingston.<\/div>\n<div class=\"l-row s-productDetails__additional\">\n<div class=\"l-row__col\">\n<div class=\"c-accordion c-accordion--noSidePadding\" data-multiselect=\"true\">\n<p>&nbsp;<\/p>\n<div id=\"accPanel-yg9ekc\" class=\"c-accordion__panel s-productDetails__additional__specificationPanel\" data-track-section-unique-name=\"58973\" data-track-widget-position=\"100\" aria-labelledby=\"accTab-d6wfo2\" data-track-product-category=\"DataTraveler USB Drives\" data-track-product-name=\"DTX\" data-track-part-number=\"DTX\/64GB\">\n<div class=\"c-accordion__panel__content\">\n<div class=\"s-productDetails__additional__specifications\">\n<div class=\"c-table c-table--striped c-table--sideKeys c-table--2col\">\n<div class=\"c-table__main\"><\/div>\n<\/div>\n<\/div>\n<\/div>\n<\/div>\n<\/div>\n<\/div>\n<\/div>\n","protected":false},"featured_media":474,"comment_status":"open","ping_status":"closed","template":"","meta":{"pagelayer_contact_templates":[],"_pagelayer_content":""},"product_brand":[],"product_cat":[30],"product_tag":[],"class_list":{"0":"post-471","1":"product","2":"type-product","3":"status-publish","4":"has-post-thumbnail","6":"product_cat-componentes","8":"first","9":"instock","10":"purchasable","11":"product-type-simple"},"_links":{"self":[{"href":"https:\/\/733.com.co\/index.php?rest_route=\/wp\/v2\/product\/471","targetHints":{"allow":["GET"]}}],"collection":[{"href":"https:\/\/733.com.co\/index.php?rest_route=\/wp\/v2\/product"}],"about":[{"href":"https:\/\/733.com.co\/index.php?rest_route=\/wp\/v2\/types\/product"}],"replies":[{"embeddable":true,"href":"https:\/\/733.com.co\/index.php?rest_route=%2Fwp%2Fv2%2Fcomments&post=471"}],"wp:featuredmedia":[{"embeddable":true,"href":"https:\/\/733.com.co\/index.php?rest_route=\/wp\/v2\/media\/474"}],"wp:attachment":[{"href":"https:\/\/733.com.co\/index.php?rest_route=%2Fwp%2Fv2%2Fmedia&parent=471"}],"wp:term":[{"taxonomy":"product_brand","embeddable":true,"href":"https:\/\/733.com.co\/index.php?rest_route=%2Fwp%2Fv2%2Fproduct_brand&post=471"},{"taxonomy":"product_cat","embeddable":true,"href":"https:\/\/733.com.co\/index.php?rest_route=%2Fwp%2Fv2%2Fproduct_cat&post=471"},{"taxonomy":"product_tag","embeddable":true,"href":"https:\/\/733.com.co\/index.php?rest_route=%2Fwp%2Fv2%2Fproduct_tag&post=471"}],"curies":[{"name":"wp","href":"https:\/\/api.w.org\/{rel}","templated":true}]}}