{"id":480,"date":"2025-08-21T14:06:50","date_gmt":"2025-08-21T19:06:50","guid":{"rendered":"https:\/\/733.com.co\/?post_type=product&#038;p=480"},"modified":"2025-08-21T21:34:21","modified_gmt":"2025-08-22T02:34:21","slug":"cordon-de-parcheo-metrico-utp-3m","status":"publish","type":"product","link":"https:\/\/733.com.co\/?product=cordon-de-parcheo-metrico-utp-3m","title":{"rendered":"Cord\u00f3n de parcheo m\u00e9trico UTP 3M"},"content":{"rendered":"<h2 id=\"headingOne\" class=\"title h2\" data-toggle=\"collapse\" data-target=\"#collapseOne\" aria-expanded=\"true\" aria-controls=\"collapseOne\">Especificaciones<\/h2>\n<div id=\"collapseOne\" class=\"collapse show\" aria-labelledby=\"headingOne\" data-parent=\"#accordion\">\n<table class=\"table table-sm table-striped\" style=\"height: 1472px;\" width=\"1058\">\n<tbody>\n<tr class=\"ng-scope\">\n<td class=\"pl-2 border-all table-column-width border-block pdt-td-border-top\"><span class=\"ng-binding ng-scope\">Tipo de producto<\/span><\/td>\n<td class=\"pl-2 border-all border-block\"><span class=\"ng-binding ng-scope\">Patch Cord<\/span><\/td>\n<\/tr>\n<tr class=\"ng-scope\">\n<td class=\"pl-2 border-all table-column-width border-block pdt-td-border-top\"><\/td>\n<td class=\"pl-2 border-all border-block\"><\/td>\n<\/tr>\n<tr class=\"ng-scope\">\n<td class=\"pl-2 border-all table-column-width border-block pdt-td-border-top\"><span class=\"ng-binding ng-scope\">Aplicaci\u00f3n<\/span><\/td>\n<td class=\"pl-2 border-all border-block\"><span class=\"ng-binding ng-scope\">(1) Ethernet 10BASE-T, 100BASE-T (Fast Ethernet), 1000BASE-T (Gigabit Ethernet), 10GBASE-T (10Gigabit Ethernet ove<br \/>\nr limited distances as specified in the industry 10GBASE-T standards) (2) 155 Mb\/s ATM, 622 Mb\/s ATM, 1.2 Gb\/s ATM Token ring 4\/16 (3) Digital video and broadband\/baseband analog video (4) Voice over Internet Protocol (VoIP)<\/span><\/td>\n<\/tr>\n<tr class=\"ng-scope\">\n<td class=\"pl-2 border-all table-column-width border-block pdt-td-border-top\"><span class=\"ng-binding ng-scope\">Calibrador de conductor (AWG)<\/span><\/td>\n<td class=\"pl-2 border-all border-block\"><span class=\"ng-binding ng-scope\">24<\/span><\/td>\n<\/tr>\n<tr class=\"ng-scope\">\n<td class=\"pl-2 border-all table-column-width border-block pdt-td-border-top\"><span class=\"ng-binding ng-scope\">Nivel de desempe\u00f1o<\/span><\/td>\n<td class=\"pl-2 border-all border-block\"><span class=\"ng-binding ng-scope\">Category 6<\/span><\/td>\n<\/tr>\n<tr class=\"ng-scope\">\n<td class=\"pl-2 border-all table-column-width border-block pdt-td-border-top\"><span class=\"ng-binding ng-scope\">Tipo de conductor<\/span><\/td>\n<td class=\"pl-2 border-all border-block\"><span class=\"ng-binding ng-scope\">Stranded<\/span><\/td>\n<\/tr>\n<tr class=\"ng-scope\">\n<td class=\"pl-2 border-all table-column-width border-block pdt-td-border-top\"><span class=\"ng-binding ng-scope\">Construcci\u00f3n de cable<\/span><\/td>\n<td class=\"pl-2 border-all border-block\"><span class=\"ng-binding ng-scope\">U\/UTP<\/span><\/td>\n<\/tr>\n<tr class=\"ng-scope\">\n<td class=\"pl-2 border-all table-column-width border-block pdt-td-border-top\"><span class=\"ng-binding ng-scope\">Tipo de cord\u00f3n de parcheo<\/span><\/td>\n<td class=\"pl-2 border-all border-block\"><span class=\"ng-binding ng-scope\">Unshielded<\/span><\/td>\n<\/tr>\n<tr class=\"ng-scope\">\n<td class=\"pl-2 border-all table-column-width border-block pdt-td-border-top\"><span class=\"ng-binding ng-scope\">Material de carcasa del enchufe<\/span><\/td>\n<td class=\"pl-2 border-all border-block\"><span class=\"ng-binding ng-scope\">Polycarbonate<\/span><\/td>\n<\/tr>\n<tr class=\"ng-scope\">\n<td class=\"pl-2 border-all table-column-width border-block pdt-td-border-top\"><span class=\"ng-binding ng-scope\">Material de camisa<\/span><\/td>\n<td class=\"pl-2 border-all border-block\"><span class=\"ng-binding ng-scope\">PVC<\/span><\/td>\n<\/tr>\n<tr class=\"ng-scope\">\n<td class=\"pl-2 border-all table-column-width border-block pdt-td-border-top\"><span class=\"ng-binding ng-scope\">Tipo de conector 1<\/span><\/td>\n<td class=\"pl-2 border-all border-block\"><span class=\"ng-binding ng-scope\">Modular Plug<\/span><\/td>\n<\/tr>\n<tr class=\"ng-scope\">\n<td class=\"pl-2 border-all table-column-width border-block pdt-td-border-top\"><span class=\"ng-binding ng-scope\">Tipo de conector 2<\/span><\/td>\n<td class=\"pl-2 border-all border-block\"><span class=\"ng-binding ng-scope\">Modular Plug<\/span><\/td>\n<\/tr>\n<tr class=\"ng-scope\">\n<td class=\"pl-2 border-all table-column-width border-block pdt-td-border-top\"><span class=\"ng-binding ng-scope\">Longitud total (ft)<\/span><\/td>\n<td class=\"pl-2 border-all border-block\"><span class=\"ng-binding ng-scope\">9.8<\/span><\/td>\n<\/tr>\n<tr class=\"ng-scope\">\n<td class=\"pl-2 border-all table-column-width border-block pdt-td-border-top\"><span class=\"ng-binding ng-scope\">Longitud total (m)<\/span><\/td>\n<td class=\"pl-2 border-all border-block\"><span class=\"ng-binding ng-scope\">3<\/span><\/td>\n<\/tr>\n<tr class=\"ng-scope\">\n<td class=\"pl-2 border-all table-column-width border-block pdt-td-border-top\"><span class=\"ng-binding ng-scope\">Di\u00e1metro exterior nominal de cable (in)<\/span><\/td>\n<td class=\"pl-2 border-all border-block\"><span class=\"ng-binding ng-scope\">0.235<\/span><\/td>\n<\/tr>\n<tr class=\"ng-scope\">\n<td class=\"pl-2 border-all table-column-width border-block pdt-td-border-top\"><span class=\"ng-binding ng-scope\">Di\u00e1metro exterior nominal de cable (mm)<\/span><\/td>\n<td class=\"pl-2 border-all border-block\"><span class=\"ng-binding ng-scope\">6<\/span><\/td>\n<\/tr>\n<tr class=\"ng-scope\">\n<td class=\"pl-2 border-all table-column-width border-block pdt-td-border-top\"><span class=\"ng-binding ng-scope\">Esquema de cableado<\/span><\/td>\n<td class=\"pl-2 border-all border-block\"><span class=\"ng-binding ng-scope\">RJ45\/T568B<\/span><\/td>\n<\/tr>\n<tr class=\"ng-scope\">\n<td class=\"pl-2 border-all table-column-width border-block pdt-td-border-top\"><span class=\"ng-binding ng-scope\">Temperatura m\u00e1xima de funcionamiento (\u00b0C)<\/span><\/td>\n<td class=\"pl-2 border-all border-block\"><span class=\"ng-binding ng-scope\">60<\/span><\/td>\n<\/tr>\n<tr class=\"ng-scope\">\n<td class=\"pl-2 border-all table-column-width border-block pdt-td-border-top\"><span class=\"ng-binding ng-scope\">Temperatura m\u00e1xima de funcionamiento (\u00b0F)<\/span><\/td>\n<td class=\"pl-2 border-all border-block\"><span class=\"ng-binding ng-scope\">140<\/span><\/td>\n<\/tr>\n<tr class=\"ng-scope\">\n<td class=\"pl-2 border-all table-column-width border-block pdt-td-border-top\"><span class=\"ng-binding ng-scope\">Temperatura m\u00ednima de funcionamiento (\u00b0C)<\/span><\/td>\n<td class=\"pl-2 border-all border-block\"><span class=\"ng-binding ng-scope\">-10<\/span><\/td>\n<\/tr>\n<tr class=\"ng-scope\">\n<td class=\"pl-2 border-all table-column-width border-block pdt-td-border-top\"><span class=\"ng-binding ng-scope\">Temperatura m\u00ednima de funcionamiento (\u00b0F)<\/span><\/td>\n<td class=\"pl-2 border-all border-block\"><span class=\"ng-binding ng-scope\">14<\/span><\/td>\n<\/tr>\n<tr class=\"ng-scope\">\n<td class=\"pl-2 border-all table-column-width border-block pdt-td-border-top\"><span class=\"ng-binding ng-scope\">Temperatura m\u00e1xima de almacenamiento (\u00b0C)<\/span><\/td>\n<td class=\"pl-2 border-all border-block\"><span class=\"ng-binding ng-scope\">70<\/span><\/td>\n<\/tr>\n<tr class=\"ng-scope\">\n<td class=\"pl-2 border-all table-column-width border-block pdt-td-border-top\"><span class=\"ng-binding ng-scope\">Temperatura m\u00e1xima de almacenamiento (\u00b0F)<\/span><\/td>\n<td class=\"pl-2 border-all border-block\"><span class=\"ng-binding ng-scope\">158<\/span><\/td>\n<\/tr>\n<tr class=\"ng-scope\">\n<td class=\"pl-2 border-all table-column-width border-block pdt-td-border-top\"><span class=\"ng-binding ng-scope\">Temperatura m\u00ednima de almacenamiento (\u00b0C)<\/span><\/td>\n<td class=\"pl-2 border-all border-block\"><span class=\"ng-binding ng-scope\">-40<\/span><\/td>\n<\/tr>\n<tr class=\"ng-scope\">\n<td class=\"pl-2 border-all table-column-width border-block pdt-td-border-top\"><span class=\"ng-binding ng-scope\">Temperatura m\u00ednima de almacenamiento (\u00b0F)<\/span><\/td>\n<td class=\"pl-2 border-all border-block\"><span class=\"ng-binding ng-scope\">-40<\/span><\/td>\n<\/tr>\n<tr class=\"ng-scope\">\n<td class=\"pl-2 border-all table-column-width border-block pdt-td-border-top\"><span class=\"ng-binding ng-scope\">Color de funda<\/span><\/td>\n<td class=\"pl-2 border-all border-block\"><span class=\"ng-binding ng-scope\">Clear<\/span><\/td>\n<\/tr>\n<tr class=\"ng-scope\">\n<td class=\"pl-2 border-all table-column-width border-block pdt-td-border-top\"><span class=\"ng-binding ng-scope\">Color<\/span><\/td>\n<td class=\"pl-2 border-all border-block\"><span class=\"ng-binding ng-scope\">Green<\/span><\/td>\n<\/tr>\n<tr class=\"ng-scope\">\n<td class=\"pl-2 border-all table-column-width border-block pdt-td-border-top\"><span class=\"ng-binding ng-scope\">Grado de inflamabilidad<\/span><\/td>\n<td class=\"pl-2 border-all border-block\"><span class=\"ng-binding ng-scope\">CM<\/span><\/td>\n<\/tr>\n<tr class=\"ng-scope\">\n<td class=\"pl-2 border-all table-column-width border-block pdt-td-border-top\"><span class=\"ng-binding ng-scope\">Cumple las normas<\/span><\/td>\n<td class=\"pl-2 border-all border-block\"><span class=\"ng-binding ng-scope\">Exceeds all ANSI\/TIA-568.2-D Category 6 and ISO 11801 Class E standards for all frequencies from 1 to 250 MHz; Meets ANSI\/TIA-1096-A (formerly FCC Part 68); IEC 60603-7; UL 1863 and CAN\/CSA-C22.2 (UL File E129886), RoHS Compliant, Supports IEEE 802.3af\/802.3at and 802.3bt type 3 and type 4 PoE applications; RoHS Compliant; wired to be compatible with both T568A and T568B wiring schemes.<\/span><\/td>\n<\/tr>\n<tr class=\"ng-scope\">\n<td class=\"pl-2 border-all table-column-width border-block pdt-td-border-top\"><span class=\"ng-binding ng-scope\">Variante de IEC<\/span><\/td>\n<td class=\"pl-2 border-all border-block\"><span class=\"ng-binding ng-scope\">60603-7<\/span><\/td>\n<\/tr>\n<tr class=\"ng-scope\">\n<td class=\"pl-2 border-all table-column-width border-block pdt-td-border-top\"><span class=\"ng-binding ng-scope\">Tipo de enchufe<\/span><\/td>\n<td class=\"pl-2 border-all border-block\"><span class=\"ng-binding ng-scope\">8 Position<\/span><\/td>\n<\/tr>\n<tr class=\"ng-scope\">\n<td class=\"pl-2 border-all table-column-width border-block pdt-td-border-top\"><\/td>\n<\/tr>\n<\/tbody>\n<\/table>\n<table class=\"table table-sm table-striped\">\n<tbody>\n<tr class=\"ng-scope\">\n<td class=\"pl-2 border-all table-column-width border-block pdt-td-border-top\"><span class=\"ng-binding ng-scope\">Compatible con RapidID\u2122<\/span><\/td>\n<td class=\"pl-2 border-all border-block\"><span class=\"ng-binding ng-scope\">No<\/span><\/td>\n<\/tr>\n<tr class=\"ng-scope\">\n<td class=\"pl-2 border-all table-column-width border-block pdt-td-border-top\"><span class=\"ng-binding ng-scope\">Caracts. pza.<\/span><\/td>\n<td class=\"pl-2 border-all border-block\"><span class=\"ng-binding ng-scope\">100% performance tested, Patented tangle free latch, Slender strain relief boot, Identification and Variety of color and lengths available<\/span><\/td>\n<\/tr>\n<\/tbody>\n<\/table>\n<\/div>\n","protected":false},"excerpt":{"rendered":"<p class=\"description ng-binding\">Actualice la red con este cord\u00f3n de parcheo UTP de categor\u00eda 6 de alto rendimiento. Disfrute de conexiones r\u00e1pidas y confiables, y de una f\u00e1cil organizaci\u00f3n de cables.<\/p>\n","protected":false},"featured_media":481,"comment_status":"open","ping_status":"closed","template":"","meta":{"pagelayer_contact_templates":[],"_pagelayer_content":""},"product_brand":[],"product_cat":[26],"product_tag":[],"class_list":{"0":"post-480","1":"product","2":"type-product","3":"status-publish","4":"has-post-thumbnail","6":"product_cat-escritorio","8":"first","9":"instock","10":"purchasable","11":"product-type-simple"},"_links":{"self":[{"href":"https:\/\/733.com.co\/index.php?rest_route=\/wp\/v2\/product\/480","targetHints":{"allow":["GET"]}}],"collection":[{"href":"https:\/\/733.com.co\/index.php?rest_route=\/wp\/v2\/product"}],"about":[{"href":"https:\/\/733.com.co\/index.php?rest_route=\/wp\/v2\/types\/product"}],"replies":[{"embeddable":true,"href":"https:\/\/733.com.co\/index.php?rest_route=%2Fwp%2Fv2%2Fcomments&post=480"}],"wp:featuredmedia":[{"embeddable":true,"href":"https:\/\/733.com.co\/index.php?rest_route=\/wp\/v2\/media\/481"}],"wp:attachment":[{"href":"https:\/\/733.com.co\/index.php?rest_route=%2Fwp%2Fv2%2Fmedia&parent=480"}],"wp:term":[{"taxonomy":"product_brand","embeddable":true,"href":"https:\/\/733.com.co\/index.php?rest_route=%2Fwp%2Fv2%2Fproduct_brand&post=480"},{"taxonomy":"product_cat","embeddable":true,"href":"https:\/\/733.com.co\/index.php?rest_route=%2Fwp%2Fv2%2Fproduct_cat&post=480"},{"taxonomy":"product_tag","embeddable":true,"href":"https:\/\/733.com.co\/index.php?rest_route=%2Fwp%2Fv2%2Fproduct_tag&post=480"}],"curies":[{"name":"wp","href":"https:\/\/api.w.org\/{rel}","templated":true}]}}